{"id":907,"date":"2025-01-09T21:32:40","date_gmt":"2025-01-09T20:32:40","guid":{"rendered":"https:\/\/douceursdangepatisserie.fr\/?page_id=907"},"modified":"2026-03-20T21:20:48","modified_gmt":"2026-03-20T20:20:48","slug":"la-carte-v2","status":"publish","type":"page","link":"https:\/\/douceursdangepatisserie.fr\/","title":{"rendered":"La Carte de P\u00e2ques"},"content":{"rendered":"\t\t<div data-elementor-type=\"wp-page\" data-elementor-id=\"907\" class=\"elementor elementor-907\">\n\t\t\t\t\t\t<section class=\"elementor-section elementor-top-section elementor-element elementor-element-5da8acef elementor-section-height-min-height elementor-section-boxed elementor-section-height-default elementor-section-items-middle\" data-id=\"5da8acef\" data-element_type=\"section\" data-e-type=\"section\" data-settings=\"{&quot;background_background&quot;:&quot;classic&quot;}\">\n\t\t\t\t\t\t\t<div class=\"elementor-background-overlay\"><\/div>\n\t\t\t\t\t\t\t<div class=\"elementor-container elementor-column-gap-default\">\n\t\t\t\t\t<div class=\"elementor-column elementor-col-100 elementor-top-column elementor-element elementor-element-2b750c88\" data-id=\"2b750c88\" data-element_type=\"column\" data-e-type=\"column\">\n\t\t\t<div class=\"elementor-widget-wrap elementor-element-populated\">\n\t\t\t\t\t\t<div class=\"elementor-element elementor-element-131f76ad elementor-widget elementor-widget-heading\" data-id=\"131f76ad\" data-element_type=\"widget\" data-e-type=\"widget\" data-widget_type=\"heading.default\">\n\t\t\t\t<div class=\"elementor-widget-container\">\n\t\t\t\t\t<p class=\"elementor-heading-title elementor-size-default\">La Carte de P\u00e2ques<\/p>\t\t\t\t<\/div>\n\t\t\t\t<\/div>\n\t\t\t\t\t<\/div>\n\t\t<\/div>\n\t\t\t\t\t<\/div>\n\t\t<\/section>\n\t\t\t\t<section class=\"elementor-section elementor-top-section elementor-element elementor-element-20979005 elementor-section-boxed elementor-section-height-default elementor-section-height-default\" data-id=\"20979005\" data-element_type=\"section\" data-e-type=\"section\">\n\t\t\t\t\t\t<div class=\"elementor-container elementor-column-gap-default\">\n\t\t\t\t\t<div class=\"elementor-column elementor-col-100 elementor-top-column elementor-element elementor-element-3d149803\" data-id=\"3d149803\" data-element_type=\"column\" data-e-type=\"column\">\n\t\t\t<div class=\"elementor-widget-wrap elementor-element-populated\">\n\t\t\t\t\t\t<div class=\"elementor-element elementor-element-714622cd elementor-widget elementor-widget-heading\" data-id=\"714622cd\" data-element_type=\"widget\" data-e-type=\"widget\" data-widget_type=\"heading.default\">\n\t\t\t\t<div class=\"elementor-widget-container\">\n\t\t\t\t\t<h2 class=\"elementor-heading-title elementor-size-default\">Commandes a retirer du 3 au 6 avril inclus.<\/h2>\t\t\t\t<\/div>\n\t\t\t\t<\/div>\n\t\t\t\t<section class=\"elementor-section elementor-inner-section elementor-element elementor-element-49012f2c elementor-section-boxed elementor-section-height-default elementor-section-height-default\" data-id=\"49012f2c\" data-element_type=\"section\" data-e-type=\"section\">\n\t\t\t\t\t\t<div class=\"elementor-container elementor-column-gap-default\">\n\t\t\t\t\t<div class=\"elementor-column elementor-col-33 elementor-inner-column elementor-element elementor-element-6239fd37\" data-id=\"6239fd37\" data-element_type=\"column\" data-e-type=\"column\">\n\t\t\t<div class=\"elementor-widget-wrap elementor-element-populated\">\n\t\t\t\t\t\t<div class=\"elementor-element elementor-element-3d73e5f1 elementor-position-top elementor-widget elementor-widget-image-box\" data-id=\"3d73e5f1\" data-element_type=\"widget\" data-e-type=\"widget\" data-widget_type=\"image-box.default\">\n\t\t\t\t<div class=\"elementor-widget-container\">\n\t\t\t\t\t<div class=\"elementor-image-box-wrapper\"><figure class=\"elementor-image-box-img\"><img fetchpriority=\"high\" decoding=\"async\" width=\"2380\" height=\"2380\" src=\"https:\/\/floralwhite-seahorse-493133.hostingersite.com\/wp-content\/uploads\/2026\/03\/Entremet-Chocolat-noisette-caramel.jpg\" class=\"attachment-full size-full wp-image-1164\" alt=\"\" srcset=\"https:\/\/douceursdangepatisserie.fr\/wp-content\/uploads\/2026\/03\/Entremet-Chocolat-noisette-caramel.jpg 2380w, https:\/\/douceursdangepatisserie.fr\/wp-content\/uploads\/2026\/03\/Entremet-Chocolat-noisette-caramel-300x300.jpg 300w, https:\/\/douceursdangepatisserie.fr\/wp-content\/uploads\/2026\/03\/Entremet-Chocolat-noisette-caramel-1024x1024.jpg 1024w, https:\/\/douceursdangepatisserie.fr\/wp-content\/uploads\/2026\/03\/Entremet-Chocolat-noisette-caramel-150x150.jpg 150w, https:\/\/douceursdangepatisserie.fr\/wp-content\/uploads\/2026\/03\/Entremet-Chocolat-noisette-caramel-768x768.jpg 768w, https:\/\/douceursdangepatisserie.fr\/wp-content\/uploads\/2026\/03\/Entremet-Chocolat-noisette-caramel-1536x1536.jpg 1536w, https:\/\/douceursdangepatisserie.fr\/wp-content\/uploads\/2026\/03\/Entremet-Chocolat-noisette-caramel-2048x2048.jpg 2048w, https:\/\/douceursdangepatisserie.fr\/wp-content\/uploads\/2026\/03\/Entremet-Chocolat-noisette-caramel-600x600.jpg 600w\" sizes=\"(max-width: 2380px) 100vw, 2380px\" \/><\/figure><div class=\"elementor-image-box-content\"><h3 class=\"elementor-image-box-title\">Entremet Chocolat<\/h3><p class=\"elementor-image-box-description\">Mousse l\u00e9g\u00e8re au chocolat noir, biscuit noisette, ganache chocolat, caramel beurre sal\u00e9 fondant et croustillant pralin\u00e9. Guimauve.<br>\n<i style=\"font-family: Montserrat;font-size: 15px;font-weight: 400;letter-spacing: 0.2px\">6 parts - 33\u20ac<\/i><br><i style=\"font-family: Montserrat;font-size: 15px;font-weight: 400;letter-spacing: 0.2px\">8 parts - 44\u20ac<\/i><br style=\"letter-spacing: 0.2px\"><i style=\"font-family: Montserrat;font-size: 15px;font-weight: 400;letter-spacing: 0.2px\">10 parts - 55\u20ac<\/i><\/p><\/div><\/div>\t\t\t\t<\/div>\n\t\t\t\t<\/div>\n\t\t\t\t\t<\/div>\n\t\t<\/div>\n\t\t\t\t<div class=\"elementor-column elementor-col-33 elementor-inner-column elementor-element elementor-element-3fa75184\" data-id=\"3fa75184\" data-element_type=\"column\" data-e-type=\"column\">\n\t\t\t<div class=\"elementor-widget-wrap elementor-element-populated\">\n\t\t\t\t\t\t<div class=\"elementor-element elementor-element-784f30cb elementor-position-top elementor-widget elementor-widget-image-box\" data-id=\"784f30cb\" data-element_type=\"widget\" data-e-type=\"widget\" data-widget_type=\"image-box.default\">\n\t\t\t\t<div class=\"elementor-widget-container\">\n\t\t\t\t\t<div class=\"elementor-image-box-wrapper\"><figure class=\"elementor-image-box-img\"><img decoding=\"async\" width=\"2380\" height=\"2380\" src=\"https:\/\/floralwhite-seahorse-493133.hostingersite.com\/wp-content\/uploads\/2026\/03\/oeuf-vanille-fruits-rouges.jpg\" class=\"attachment-full size-full wp-image-1165\" alt=\"\" srcset=\"https:\/\/douceursdangepatisserie.fr\/wp-content\/uploads\/2026\/03\/oeuf-vanille-fruits-rouges.jpg 2380w, https:\/\/douceursdangepatisserie.fr\/wp-content\/uploads\/2026\/03\/oeuf-vanille-fruits-rouges-300x300.jpg 300w, https:\/\/douceursdangepatisserie.fr\/wp-content\/uploads\/2026\/03\/oeuf-vanille-fruits-rouges-1024x1024.jpg 1024w, https:\/\/douceursdangepatisserie.fr\/wp-content\/uploads\/2026\/03\/oeuf-vanille-fruits-rouges-150x150.jpg 150w, https:\/\/douceursdangepatisserie.fr\/wp-content\/uploads\/2026\/03\/oeuf-vanille-fruits-rouges-768x768.jpg 768w, https:\/\/douceursdangepatisserie.fr\/wp-content\/uploads\/2026\/03\/oeuf-vanille-fruits-rouges-1536x1536.jpg 1536w, https:\/\/douceursdangepatisserie.fr\/wp-content\/uploads\/2026\/03\/oeuf-vanille-fruits-rouges-2048x2048.jpg 2048w, https:\/\/douceursdangepatisserie.fr\/wp-content\/uploads\/2026\/03\/oeuf-vanille-fruits-rouges-600x600.jpg 600w\" sizes=\"(max-width: 2380px) 100vw, 2380px\" \/><\/figure><div class=\"elementor-image-box-content\"><h3 class=\"elementor-image-box-title\">Oeuf Vanille-Fuits Rouge<\/h3><p class=\"elementor-image-box-description\">Mousse fondante \u00e0 la vanille, insert confit de fraises et mousse framboises, biscuit madeleine aux fraises et framboises. Fraises<br><br><i>Format unique 6 parts<\/i><br><i>36\u20ac<\/i><\/p><\/div><\/div>\t\t\t\t<\/div>\n\t\t\t\t<\/div>\n\t\t\t\t\t<\/div>\n\t\t<\/div>\n\t\t\t\t<div class=\"elementor-column elementor-col-33 elementor-inner-column elementor-element elementor-element-3f7855b\" data-id=\"3f7855b\" data-element_type=\"column\" data-e-type=\"column\">\n\t\t\t<div class=\"elementor-widget-wrap elementor-element-populated\">\n\t\t\t\t\t\t<div class=\"elementor-element elementor-element-6d81035 elementor-position-top elementor-widget elementor-widget-image-box\" data-id=\"6d81035\" data-element_type=\"widget\" data-e-type=\"widget\" data-widget_type=\"image-box.default\">\n\t\t\t\t<div class=\"elementor-widget-container\">\n\t\t\t\t\t<div class=\"elementor-image-box-wrapper\"><figure class=\"elementor-image-box-img\"><img decoding=\"async\" width=\"300\" height=\"300\" src=\"https:\/\/floralwhite-seahorse-493133.hostingersite.com\/wp-content\/uploads\/2026\/03\/Tarte-cafe-photo-carree-canva-300x300.png\" class=\"attachment-medium size-medium wp-image-1166\" alt=\"\" srcset=\"https:\/\/douceursdangepatisserie.fr\/wp-content\/uploads\/2026\/03\/Tarte-cafe-photo-carree-canva-300x300.png 300w, https:\/\/douceursdangepatisserie.fr\/wp-content\/uploads\/2026\/03\/Tarte-cafe-photo-carree-canva-1024x1024.png 1024w, https:\/\/douceursdangepatisserie.fr\/wp-content\/uploads\/2026\/03\/Tarte-cafe-photo-carree-canva-150x150.png 150w, https:\/\/douceursdangepatisserie.fr\/wp-content\/uploads\/2026\/03\/Tarte-cafe-photo-carree-canva-768x768.png 768w, https:\/\/douceursdangepatisserie.fr\/wp-content\/uploads\/2026\/03\/Tarte-cafe-photo-carree-canva-1536x1536.png 1536w, https:\/\/douceursdangepatisserie.fr\/wp-content\/uploads\/2026\/03\/Tarte-cafe-photo-carree-canva-2048x2048.png 2048w, https:\/\/douceursdangepatisserie.fr\/wp-content\/uploads\/2026\/03\/Tarte-cafe-photo-carree-canva-600x600.png 600w\" sizes=\"(max-width: 300px) 100vw, 300px\" \/><\/figure><div class=\"elementor-image-box-content\"><h3 class=\"elementor-image-box-title\">Tarte Caf\u00e9-Vanille<\/h3><p class=\"elementor-image-box-description\">P\u00e2te sabl\u00e9e noisette, croustillant pralin\u00e9 caf\u00e9, biscuit imbib\u00e9 caf\u00e9, cr\u00e9meux caf\u00e9 arabica et chantilly mascarpone vanille. Chocolat.<br><br><i style=\"font-family: Montserrat;font-size: 15px;font-weight: 400;letter-spacing: 0.2px\">6 parts - 32\u20ac<\/i><br><i>8 parts - 42\u20ac<\/i><br><i style=\"font-family: Montserrat;font-size: 15px;font-weight: 400;letter-spacing: 0.2px\">10 parts - 52\u20ac<\/i><\/p><\/div><\/div>\t\t\t\t<\/div>\n\t\t\t\t<\/div>\n\t\t\t\t\t<\/div>\n\t\t<\/div>\n\t\t\t\t\t<\/div>\n\t\t<\/section>\n\t\t\t\t\t<\/div>\n\t\t<\/div>\n\t\t\t\t\t<\/div>\n\t\t<\/section>\n\t\t\t\t<section class=\"elementor-section elementor-top-section elementor-element elementor-element-7a46250 elementor-section-boxed elementor-section-height-default elementor-section-height-default\" data-id=\"7a46250\" data-element_type=\"section\" data-e-type=\"section\">\n\t\t\t\t\t\t<div class=\"elementor-container elementor-column-gap-default\">\n\t\t\t\t\t<div class=\"elementor-column elementor-col-100 elementor-top-column elementor-element elementor-element-731e6dc\" data-id=\"731e6dc\" data-element_type=\"column\" data-e-type=\"column\">\n\t\t\t<div class=\"elementor-widget-wrap elementor-element-populated\">\n\t\t\t\t\t\t<section class=\"elementor-section elementor-inner-section elementor-element elementor-element-bb3124e elementor-section-boxed elementor-section-height-default elementor-section-height-default\" data-id=\"bb3124e\" data-element_type=\"section\" data-e-type=\"section\">\n\t\t\t\t\t\t<div class=\"elementor-container elementor-column-gap-default\">\n\t\t\t\t\t<div class=\"elementor-column elementor-col-50 elementor-inner-column elementor-element elementor-element-34bb6ab\" data-id=\"34bb6ab\" data-element_type=\"column\" data-e-type=\"column\">\n\t\t\t<div class=\"elementor-widget-wrap elementor-element-populated\">\n\t\t\t\t\t\t<div class=\"elementor-element elementor-element-97c7dcf elementor-position-top elementor-widget elementor-widget-image-box\" data-id=\"97c7dcf\" data-element_type=\"widget\" data-e-type=\"widget\" data-widget_type=\"image-box.default\">\n\t\t\t\t<div class=\"elementor-widget-container\">\n\t\t\t\t\t<div class=\"elementor-image-box-wrapper\"><figure class=\"elementor-image-box-img\"><img loading=\"lazy\" decoding=\"async\" width=\"300\" height=\"223\" src=\"https:\/\/floralwhite-seahorse-493133.hostingersite.com\/wp-content\/uploads\/2025\/04\/shopping-cart-2790225_1920-300x223.png\" class=\"attachment-medium size-medium wp-image-1036\" alt=\"\" srcset=\"https:\/\/douceursdangepatisserie.fr\/wp-content\/uploads\/2025\/04\/shopping-cart-2790225_1920-300x223.png 300w, https:\/\/douceursdangepatisserie.fr\/wp-content\/uploads\/2025\/04\/shopping-cart-2790225_1920-1024x763.png 1024w, https:\/\/douceursdangepatisserie.fr\/wp-content\/uploads\/2025\/04\/shopping-cart-2790225_1920-768x572.png 768w, https:\/\/douceursdangepatisserie.fr\/wp-content\/uploads\/2025\/04\/shopping-cart-2790225_1920.png 1458w\" sizes=\"(max-width: 300px) 100vw, 300px\" \/><\/figure><div class=\"elementor-image-box-content\"><h3 class=\"elementor-image-box-title\">Commandes :<\/h3><p class=\"elementor-image-box-description\"><a href=\"https:\/\/douceursdangepatisserie.fr\/index.php\/contact\/\"><h2>Formulaire de Contact<\/h2><\/a><\/p><\/div><\/div>\t\t\t\t<\/div>\n\t\t\t\t<\/div>\n\t\t\t\t\t<\/div>\n\t\t<\/div>\n\t\t\t\t<div class=\"elementor-column elementor-col-50 elementor-inner-column elementor-element elementor-element-5b690f0\" data-id=\"5b690f0\" data-element_type=\"column\" data-e-type=\"column\">\n\t\t\t<div class=\"elementor-widget-wrap elementor-element-populated\">\n\t\t\t\t\t\t<div class=\"elementor-element elementor-element-5c5fdfa elementor-position-top elementor-widget elementor-widget-image-box\" data-id=\"5c5fdfa\" data-element_type=\"widget\" data-e-type=\"widget\" data-widget_type=\"image-box.default\">\n\t\t\t\t<div class=\"elementor-widget-container\">\n\t\t\t\t\t<div class=\"elementor-image-box-wrapper\"><figure class=\"elementor-image-box-img\"><img loading=\"lazy\" decoding=\"async\" width=\"300\" height=\"200\" src=\"https:\/\/floralwhite-seahorse-493133.hostingersite.com\/wp-content\/uploads\/2024\/12\/pexels-mikhail-nilov-6969962-300x200.jpg\" class=\"attachment-medium size-medium wp-image-689\" alt=\"\" srcset=\"https:\/\/douceursdangepatisserie.fr\/wp-content\/uploads\/2024\/12\/pexels-mikhail-nilov-6969962-300x200.jpg 300w, https:\/\/douceursdangepatisserie.fr\/wp-content\/uploads\/2024\/12\/pexels-mikhail-nilov-6969962-1024x683.jpg 1024w, https:\/\/douceursdangepatisserie.fr\/wp-content\/uploads\/2024\/12\/pexels-mikhail-nilov-6969962-768x512.jpg 768w, https:\/\/douceursdangepatisserie.fr\/wp-content\/uploads\/2024\/12\/pexels-mikhail-nilov-6969962-1536x1024.jpg 1536w, https:\/\/douceursdangepatisserie.fr\/wp-content\/uploads\/2024\/12\/pexels-mikhail-nilov-6969962-2048x1365.jpg 2048w\" sizes=\"(max-width: 300px) 100vw, 300px\" \/><\/figure><div class=\"elementor-image-box-content\"><h3 class=\"elementor-image-box-title\">Retrait :<\/h3><p class=\"elementor-image-box-description\">Commandes \u00e0 retirer du 3 au 6 avril inclus.<br><br>\nHoraires de retrait :<br>Vendredi 18-19h30<br>Sam, Dim et Lundi : 11-14h<\/p><\/div><\/div>\t\t\t\t<\/div>\n\t\t\t\t<\/div>\n\t\t\t\t\t<\/div>\n\t\t<\/div>\n\t\t\t\t\t<\/div>\n\t\t<\/section>\n\t\t\t\t\t<\/div>\n\t\t<\/div>\n\t\t\t\t\t<\/div>\n\t\t<\/section>\n\t\t\t\t<\/div>\n\t\t","protected":false},"excerpt":{"rendered":"<p>La Carte de P\u00e2ques Commandes a retirer du 3 au 6 avril inclus. Entremet Chocolat Mousse l\u00e9g\u00e8re au chocolat noir, biscuit noisette, ganache chocolat, caramel beurre sal\u00e9 fondant et croustillant pralin\u00e9. Guimauve. 6 parts &#8211; 33\u20ac8 parts &#8211; 44\u20ac10 parts &#8211; 55\u20ac Oeuf Vanille-Fuits Rouge Mousse fondante \u00e0 la vanille, insert confit de fraises et [&hellip;]<\/p>\n","protected":false},"author":1,"featured_media":0,"parent":0,"menu_order":0,"comment_status":"closed","ping_status":"closed","template":"","meta":{"ocean_post_layout":"","ocean_both_sidebars_style":"","ocean_both_sidebars_content_width":0,"ocean_both_sidebars_sidebars_width":0,"ocean_sidebar":"","ocean_second_sidebar":"","ocean_disable_margins":"enable","ocean_add_body_class":"","ocean_shortcode_before_top_bar":"","ocean_shortcode_after_top_bar":"","ocean_shortcode_before_header":"","ocean_shortcode_after_header":"","ocean_has_shortcode":"","ocean_shortcode_after_title":"","ocean_shortcode_before_footer_widgets":"","ocean_shortcode_after_footer_widgets":"","ocean_shortcode_before_footer_bottom":"","ocean_shortcode_after_footer_bottom":"","ocean_display_top_bar":"default","ocean_display_header":"default","ocean_header_style":"","ocean_center_header_left_menu":"","ocean_custom_header_template":"","ocean_custom_logo":0,"ocean_custom_retina_logo":0,"ocean_custom_logo_max_width":0,"ocean_custom_logo_tablet_max_width":0,"ocean_custom_logo_mobile_max_width":0,"ocean_custom_logo_max_height":0,"ocean_custom_logo_tablet_max_height":0,"ocean_custom_logo_mobile_max_height":0,"ocean_header_custom_menu":"","ocean_menu_typo_font_family":"","ocean_menu_typo_font_subset":"","ocean_menu_typo_font_size":0,"ocean_menu_typo_font_size_tablet":0,"ocean_menu_typo_font_size_mobile":0,"ocean_menu_typo_font_size_unit":"px","ocean_menu_typo_font_weight":"","ocean_menu_typo_font_weight_tablet":"","ocean_menu_typo_font_weight_mobile":"","ocean_menu_typo_transform":"","ocean_menu_typo_transform_tablet":"","ocean_menu_typo_transform_mobile":"","ocean_menu_typo_line_height":0,"ocean_menu_typo_line_height_tablet":0,"ocean_menu_typo_line_height_mobile":0,"ocean_menu_typo_line_height_unit":"","ocean_menu_typo_spacing":0,"ocean_menu_typo_spacing_tablet":0,"ocean_menu_typo_spacing_mobile":0,"ocean_menu_typo_spacing_unit":"","ocean_menu_link_color":"","ocean_menu_link_color_hover":"","ocean_menu_link_color_active":"","ocean_menu_link_background":"","ocean_menu_link_hover_background":"","ocean_menu_link_active_background":"","ocean_menu_social_links_bg":"","ocean_menu_social_hover_links_bg":"","ocean_menu_social_links_color":"","ocean_menu_social_hover_links_color":"","ocean_disable_title":"default","ocean_disable_heading":"default","ocean_post_title":"","ocean_post_subheading":"","ocean_post_title_style":"","ocean_post_title_background_color":"","ocean_post_title_background":0,"ocean_post_title_bg_image_position":"","ocean_post_title_bg_image_attachment":"","ocean_post_title_bg_image_repeat":"","ocean_post_title_bg_image_size":"","ocean_post_title_height":0,"ocean_post_title_bg_overlay":0.5,"ocean_post_title_bg_overlay_color":"","ocean_disable_breadcrumbs":"default","ocean_breadcrumbs_color":"","ocean_breadcrumbs_separator_color":"","ocean_breadcrumbs_links_color":"","ocean_breadcrumbs_links_hover_color":"","ocean_display_footer_widgets":"default","ocean_display_footer_bottom":"default","ocean_custom_footer_template":"","footnotes":""},"class_list":["post-907","page","type-page","status-publish","hentry","entry"],"_links":{"self":[{"href":"https:\/\/douceursdangepatisserie.fr\/index.php\/wp-json\/wp\/v2\/pages\/907","targetHints":{"allow":["GET"]}}],"collection":[{"href":"https:\/\/douceursdangepatisserie.fr\/index.php\/wp-json\/wp\/v2\/pages"}],"about":[{"href":"https:\/\/douceursdangepatisserie.fr\/index.php\/wp-json\/wp\/v2\/types\/page"}],"author":[{"embeddable":true,"href":"https:\/\/douceursdangepatisserie.fr\/index.php\/wp-json\/wp\/v2\/users\/1"}],"replies":[{"embeddable":true,"href":"https:\/\/douceursdangepatisserie.fr\/index.php\/wp-json\/wp\/v2\/comments?post=907"}],"version-history":[{"count":115,"href":"https:\/\/douceursdangepatisserie.fr\/index.php\/wp-json\/wp\/v2\/pages\/907\/revisions"}],"predecessor-version":[{"id":1174,"href":"https:\/\/douceursdangepatisserie.fr\/index.php\/wp-json\/wp\/v2\/pages\/907\/revisions\/1174"}],"wp:attachment":[{"href":"https:\/\/douceursdangepatisserie.fr\/index.php\/wp-json\/wp\/v2\/media?parent=907"}],"curies":[{"name":"wp","href":"https:\/\/api.w.org\/{rel}","templated":true}]}}