{"id":685,"date":"2024-12-02T21:45:11","date_gmt":"2024-12-02T20:45:11","guid":{"rendered":"https:\/\/douceursdangepatisserie.fr\/?page_id=685"},"modified":"2024-12-05T21:55:05","modified_gmt":"2024-12-05T20:55:05","slug":"informations-pratiques","status":"publish","type":"page","link":"https:\/\/douceursdangepatisserie.fr\/index.php\/informations-pratiques\/","title":{"rendered":"Informations pratiques"},"content":{"rendered":"\t\t<div data-elementor-type=\"wp-post\" data-elementor-id=\"685\" class=\"elementor elementor-685\">\n\t\t\t\t<div class=\"elementor-element elementor-element-2e014e5 e-flex e-con-boxed e-con e-parent\" data-id=\"2e014e5\" data-element_type=\"container\" data-e-type=\"container\" data-settings=\"{&quot;background_background&quot;:&quot;classic&quot;}\">\n\t\t\t\t\t<div class=\"e-con-inner\">\n\t\t\t\t<div class=\"elementor-element elementor-element-1fa1e03 elementor-widget elementor-widget-heading\" data-id=\"1fa1e03\" data-element_type=\"widget\" data-e-type=\"widget\" data-widget_type=\"heading.default\">\n\t\t\t\t<div class=\"elementor-widget-container\">\n\t\t\t\t\t<h2 class=\"elementor-heading-title elementor-size-default\">Informations pratiques :<\/h2>\t\t\t\t<\/div>\n\t\t\t\t<\/div>\n\t\t\t\t\t<\/div>\n\t\t\t\t<\/div>\n\t\t\t\t<section class=\"elementor-section elementor-top-section elementor-element elementor-element-48aa9da elementor-section-boxed elementor-section-height-default elementor-section-height-default\" data-id=\"48aa9da\" data-element_type=\"section\" data-e-type=\"section\">\n\t\t\t\t\t\t<div class=\"elementor-container elementor-column-gap-default\">\n\t\t\t\t\t<div class=\"elementor-column elementor-col-100 elementor-top-column elementor-element elementor-element-ff2447c\" data-id=\"ff2447c\" data-element_type=\"column\" data-e-type=\"column\">\n\t\t\t<div class=\"elementor-widget-wrap elementor-element-populated\">\n\t\t\t\t\t\t<div class=\"elementor-element elementor-element-f9c576f elementor-widget elementor-widget-heading\" data-id=\"f9c576f\" data-element_type=\"widget\" data-e-type=\"widget\" data-widget_type=\"heading.default\">\n\t\t\t\t<div class=\"elementor-widget-container\">\n\t\t\t\t\t<h2 class=\"elementor-heading-title elementor-size-default\"><br>Comment passer commande, et o\u00f9 la retirer ?<\/h2>\t\t\t\t<\/div>\n\t\t\t\t<\/div>\n\t\t\t\t<div class=\"elementor-element elementor-element-b20727d elementor-widget elementor-widget-text-editor\" data-id=\"b20727d\" data-element_type=\"widget\" data-e-type=\"widget\" data-widget_type=\"text-editor.default\">\n\t\t\t\t<div class=\"elementor-widget-container\">\n\t\t\t\t\t\t\t\t\t<p><span style=\"font-size: 15px; letter-spacing: 0.2px;\"><br \/>La p\u00e2tisserie Douceurs d\u2019ange est bas\u00e9e sur le principe de \u00ab <\/span><strong style=\"font-size: 15px; letter-spacing: 0.2px;\">Commandes \u00e0 emporter<\/strong><span style=\"font-size: 15px; letter-spacing: 0.2px;\"> \u00bb, sans avoir de boutique physique.<\/span><\/p><p>Un d\u00e9lai minimal de 3 jours est demand\u00e9. Pour les \u00e9v\u00e9nements importants (hors mariage), un d\u00e9lai de 10 jours pour une bonne organisation est n\u00e9cessaire. Pour les mariages, ce d\u00e9lai est rallong\u00e9 \u00e0 2 mois minimum.<\/p><p>Pour passer commande, il est pr\u00e9f\u00e9rable de me contacter par t\u00e9l\u00e9phone ou via <a href=\"https:\/\/douceursdangepatisserie.fr\/index.php\/contact\/\" target=\"_blank\" rel=\"noopener\"><b>le formulaire de contact<\/b><\/a>.<br \/>Les commandes sont \u00e0 retirer directement \u00e0 notre adresse :\u00a0<span style=\"font-size: 15px; letter-spacing: 0.2px;\">22 rue des marronniers, 57970 STUCKANGE.<\/span><\/p><p>Le client affirme avoir pris connaissance et accept\u00e9\u00a0<b>les conditions g\u00e9n\u00e9rales de vente<\/b>\u00a0lorsqu\u2019il passe commande. Les conditions g\u00e9n\u00e9rales de vente seront fournies avec le devis, ou sur simple demande via le formulaire de contact.<\/p><p>Nos p\u00e2tisseries sont susceptibles de contenir les <b>allerg\u00e8nes<\/b> suivants:\u00a0<span style=\"font-size: 15px; letter-spacing: 0.2px;\">Gluten, \u0153ufs, lait, fruits \u00e0 coque, arachide, s\u00e9same et soja.<br \/><\/span><span style=\"font-size: 15px; letter-spacing: 0.2px;\">La liste d\u00e9taill\u00e9e des allerg\u00e8nes contenus dans chaque p\u00e2tisserie est disponible\u00a0<\/span><a href=\"https:\/\/douceursdangepatisserie.fr\/wp-content\/uploads\/2024\/12\/2024-12-04_tableau-allergenes.pdf\" target=\"_blank\" rel=\"noopener\"><b>ici<\/b><\/a><span style=\"font-size: 15px; letter-spacing: 0.2px;\">.<\/span><\/p><p><b>Merci de signaler toute allergie alimentaire au moment de la commande.<\/b><\/p>\t\t\t\t\t\t\t\t<\/div>\n\t\t\t\t<\/div>\n\t\t\t\t\t<\/div>\n\t\t<\/div>\n\t\t\t\t\t<\/div>\n\t\t<\/section>\n\t\t\t\t<section class=\"elementor-section elementor-top-section elementor-element elementor-element-a926510 elementor-section-boxed elementor-section-height-default elementor-section-height-default\" data-id=\"a926510\" data-element_type=\"section\" data-e-type=\"section\" data-settings=\"{&quot;background_background&quot;:&quot;classic&quot;}\">\n\t\t\t\t\t\t<div class=\"elementor-container elementor-column-gap-default\">\n\t\t\t\t\t<div class=\"elementor-column elementor-col-100 elementor-top-column elementor-element elementor-element-cffa2ea\" data-id=\"cffa2ea\" data-element_type=\"column\" data-e-type=\"column\">\n\t\t\t<div class=\"elementor-widget-wrap elementor-element-populated\">\n\t\t\t\t\t\t<div class=\"elementor-element elementor-element-6822187 elementor-widget elementor-widget-heading\" data-id=\"6822187\" data-element_type=\"widget\" data-e-type=\"widget\" data-widget_type=\"heading.default\">\n\t\t\t\t<div class=\"elementor-widget-container\">\n\t\t\t\t\t<h2 class=\"elementor-heading-title elementor-size-default\">Modalit\u00e9s de paiement :<\/h2>\t\t\t\t<\/div>\n\t\t\t\t<\/div>\n\t\t\t\t<section class=\"elementor-section elementor-inner-section elementor-element elementor-element-c0e1607 elementor-section-content-middle elementor-section-boxed elementor-section-height-default elementor-section-height-default\" data-id=\"c0e1607\" data-element_type=\"section\" data-e-type=\"section\">\n\t\t\t\t\t\t<div class=\"elementor-container elementor-column-gap-default\">\n\t\t\t\t\t<div class=\"elementor-column elementor-col-100 elementor-inner-column elementor-element elementor-element-7a53f58\" data-id=\"7a53f58\" data-element_type=\"column\" data-e-type=\"column\">\n\t\t\t<div class=\"elementor-widget-wrap elementor-element-populated\">\n\t\t\t\t\t\t<div class=\"elementor-element elementor-element-76051df elementor-widget elementor-widget-text-editor\" data-id=\"76051df\" data-element_type=\"widget\" data-e-type=\"widget\" data-widget_type=\"text-editor.default\">\n\t\t\t\t<div class=\"elementor-widget-container\">\n\t\t\t\t\t\t\t\t\t<p>Aucun acompte n\u2019est demand\u00e9 pour les commandes d\u2019un montant total inf\u00e9rieur \u00e0 100 euros.\u00a0<br \/>Les commandes d\u2019un montant sup\u00e9rieur \u00e0 100 euros feront l&rsquo;objet d&rsquo;un devis, et un acompte de 30% sera requis pour leur validation.<\/p><p>L\u2019acompte peut \u00eatre r\u00e9gl\u00e9 via virement bancaire, carte bancaire ou esp\u00e8ces, dans le d\u00e9lai fix\u00e9 sur le devis.<br \/>Le solde sera \u00e0 r\u00e9gler le jour du retrait de la commande par carte bancaire ou esp\u00e8ces.<br \/><strong>Les ch\u00e8ques ne sont pas accept\u00e9s.<\/strong><\/p>\t\t\t\t\t\t\t\t<\/div>\n\t\t\t\t<\/div>\n\t\t\t\t\t<\/div>\n\t\t<\/div>\n\t\t\t\t\t<\/div>\n\t\t<\/section>\n\t\t\t\t\t<\/div>\n\t\t<\/div>\n\t\t\t\t\t<\/div>\n\t\t<\/section>\n\t\t\t\t<section class=\"elementor-section elementor-top-section elementor-element elementor-element-4848ab1 elementor-section-boxed elementor-section-height-default elementor-section-height-default\" data-id=\"4848ab1\" data-element_type=\"section\" data-e-type=\"section\">\n\t\t\t\t\t\t<div class=\"elementor-container elementor-column-gap-default\">\n\t\t\t\t\t<div class=\"elementor-column elementor-col-100 elementor-top-column elementor-element elementor-element-fa0b7d2\" data-id=\"fa0b7d2\" data-element_type=\"column\" data-e-type=\"column\">\n\t\t\t<div class=\"elementor-widget-wrap elementor-element-populated\">\n\t\t\t\t\t\t<div class=\"elementor-element elementor-element-e175a6a elementor-widget elementor-widget-heading\" data-id=\"e175a6a\" data-element_type=\"widget\" data-e-type=\"widget\" data-widget_type=\"heading.default\">\n\t\t\t\t<div class=\"elementor-widget-container\">\n\t\t\t\t\t<h2 class=\"elementor-heading-title elementor-size-default\"><br>Modalit\u00e9s d\u2019Annulation :<\/h2>\t\t\t\t<\/div>\n\t\t\t\t<\/div>\n\t\t\t\t<div class=\"elementor-element elementor-element-37de565 elementor-widget elementor-widget-text-editor\" data-id=\"37de565\" data-element_type=\"widget\" data-e-type=\"widget\" data-widget_type=\"text-editor.default\">\n\t\t\t\t<div class=\"elementor-widget-container\">\n\t\t\t\t\t\t\t\t\t<div>\u00a0<\/div><div>Les commandes ne n\u00e9cessitant pas d&rsquo;acompte sont annulables <b>jusqu&rsquo;\u00e0 2 jours<\/b> avant la date de retrait.<\/div><div>\u00a0<\/div><div>Les commandes (hors mariage) ayant fait l\u2019objet d\u2019un acompte <b>sont annulables<\/b> avec remboursement de l\u2019acompte:<\/div><div>&#8211; <b>jusqu\u2019\u00e0 10 jours<\/b> avant la date de retrait pour :<\/div><ul><li>le cake design<\/li><li>les commandes personnalis\u00e9es<\/li><li>les commandes dont le montant est sup\u00e9rieur ou \u00e9gal \u00e0 150 euros<\/li><\/ul><div>&#8211; <b>jusqu&rsquo;\u00e0 5 jours<\/b> avant la date de retrait pour les autres commandes avec acompte.\u00a0<\/div><div>\u00a0<\/div><div><b>Pass\u00e9 ces d\u00e9lais<\/b>, les commandes restent annulables <b>sans remboursement de l\u2019acompte<\/b>.<\/div><div>\u00a0<\/div><div>Pour les prestations de mariage, se r\u00e9f\u00e9rer aux conditions g\u00e9n\u00e9rales de ventes.<\/div>\t\t\t\t\t\t\t\t<\/div>\n\t\t\t\t<\/div>\n\t\t\t\t\t<\/div>\n\t\t<\/div>\n\t\t\t\t\t<\/div>\n\t\t<\/section>\n\t\t\t\t<\/div>\n\t\t","protected":false},"excerpt":{"rendered":"<p>Informations pratiques : Comment passer commande, et o\u00f9 la retirer ? La p\u00e2tisserie Douceurs d\u2019ange est bas\u00e9e sur le principe de \u00ab Commandes \u00e0 emporter \u00bb, sans avoir de boutique physique. Un d\u00e9lai minimal de 3 jours est demand\u00e9. Pour les \u00e9v\u00e9nements importants (hors mariage), un d\u00e9lai de 10 jours pour une bonne organisation est [&hellip;]<\/p>\n","protected":false},"author":1,"featured_media":0,"parent":0,"menu_order":0,"comment_status":"closed","ping_status":"closed","template":"","meta":{"ocean_post_layout":"","ocean_both_sidebars_style":"","ocean_both_sidebars_content_width":0,"ocean_both_sidebars_sidebars_width":0,"ocean_sidebar":"","ocean_second_sidebar":"","ocean_disable_margins":"enable","ocean_add_body_class":"","ocean_shortcode_before_top_bar":"","ocean_shortcode_after_top_bar":"","ocean_shortcode_before_header":"","ocean_shortcode_after_header":"","ocean_has_shortcode":"","ocean_shortcode_after_title":"","ocean_shortcode_before_footer_widgets":"","ocean_shortcode_after_footer_widgets":"","ocean_shortcode_before_footer_bottom":"","ocean_shortcode_after_footer_bottom":"","ocean_display_top_bar":"default","ocean_display_header":"default","ocean_header_style":"","ocean_center_header_left_menu":"","ocean_custom_header_template":"","ocean_custom_logo":0,"ocean_custom_retina_logo":0,"ocean_custom_logo_max_width":0,"ocean_custom_logo_tablet_max_width":0,"ocean_custom_logo_mobile_max_width":0,"ocean_custom_logo_max_height":0,"ocean_custom_logo_tablet_max_height":0,"ocean_custom_logo_mobile_max_height":0,"ocean_header_custom_menu":"","ocean_menu_typo_font_family":"","ocean_menu_typo_font_subset":"","ocean_menu_typo_font_size":0,"ocean_menu_typo_font_size_tablet":0,"ocean_menu_typo_font_size_mobile":0,"ocean_menu_typo_font_size_unit":"px","ocean_menu_typo_font_weight":"","ocean_menu_typo_font_weight_tablet":"","ocean_menu_typo_font_weight_mobile":"","ocean_menu_typo_transform":"","ocean_menu_typo_transform_tablet":"","ocean_menu_typo_transform_mobile":"","ocean_menu_typo_line_height":0,"ocean_menu_typo_line_height_tablet":0,"ocean_menu_typo_line_height_mobile":0,"ocean_menu_typo_line_height_unit":"","ocean_menu_typo_spacing":0,"ocean_menu_typo_spacing_tablet":0,"ocean_menu_typo_spacing_mobile":0,"ocean_menu_typo_spacing_unit":"","ocean_menu_link_color":"","ocean_menu_link_color_hover":"","ocean_menu_link_color_active":"","ocean_menu_link_background":"","ocean_menu_link_hover_background":"","ocean_menu_link_active_background":"","ocean_menu_social_links_bg":"","ocean_menu_social_hover_links_bg":"","ocean_menu_social_links_color":"","ocean_menu_social_hover_links_color":"","ocean_disable_title":"default","ocean_disable_heading":"default","ocean_post_title":"","ocean_post_subheading":"","ocean_post_title_style":"","ocean_post_title_background_color":"","ocean_post_title_background":0,"ocean_post_title_bg_image_position":"","ocean_post_title_bg_image_attachment":"","ocean_post_title_bg_image_repeat":"","ocean_post_title_bg_image_size":"","ocean_post_title_height":0,"ocean_post_title_bg_overlay":0.5,"ocean_post_title_bg_overlay_color":"","ocean_disable_breadcrumbs":"default","ocean_breadcrumbs_color":"","ocean_breadcrumbs_separator_color":"","ocean_breadcrumbs_links_color":"","ocean_breadcrumbs_links_hover_color":"","ocean_display_footer_widgets":"default","ocean_display_footer_bottom":"default","ocean_custom_footer_template":"","footnotes":""},"class_list":["post-685","page","type-page","status-publish","hentry","entry"],"_hostinger_reach_plugin_has_subscription_block":false,"_hostinger_reach_plugin_is_elementor":false,"_links":{"self":[{"href":"https:\/\/douceursdangepatisserie.fr\/index.php\/wp-json\/wp\/v2\/pages\/685","targetHints":{"allow":["GET"]}}],"collection":[{"href":"https:\/\/douceursdangepatisserie.fr\/index.php\/wp-json\/wp\/v2\/pages"}],"about":[{"href":"https:\/\/douceursdangepatisserie.fr\/index.php\/wp-json\/wp\/v2\/types\/page"}],"author":[{"embeddable":true,"href":"https:\/\/douceursdangepatisserie.fr\/index.php\/wp-json\/wp\/v2\/users\/1"}],"replies":[{"embeddable":true,"href":"https:\/\/douceursdangepatisserie.fr\/index.php\/wp-json\/wp\/v2\/comments?post=685"}],"version-history":[{"count":39,"href":"https:\/\/douceursdangepatisserie.fr\/index.php\/wp-json\/wp\/v2\/pages\/685\/revisions"}],"predecessor-version":[{"id":800,"href":"https:\/\/douceursdangepatisserie.fr\/index.php\/wp-json\/wp\/v2\/pages\/685\/revisions\/800"}],"wp:attachment":[{"href":"https:\/\/douceursdangepatisserie.fr\/index.php\/wp-json\/wp\/v2\/media?parent=685"}],"curies":[{"name":"wp","href":"https:\/\/api.w.org\/{rel}","templated":true}]}}