{"id":628,"date":"2024-11-28T21:22:01","date_gmt":"2024-11-28T20:22:01","guid":{"rendered":"https:\/\/douceursdangepatisserie.fr\/?page_id=628"},"modified":"2025-01-01T21:17:43","modified_gmt":"2025-01-01T20:17:43","slug":"a-propos","status":"publish","type":"page","link":"https:\/\/douceursdangepatisserie.fr\/index.php\/a-propos\/","title":{"rendered":"A propos"},"content":{"rendered":"\t\t<div data-elementor-type=\"wp-post\" data-elementor-id=\"628\" class=\"elementor elementor-628\">\n\t\t\t\t\t\t<section class=\"elementor-section elementor-top-section elementor-element elementor-element-48aa9da elementor-section-boxed elementor-section-height-default elementor-section-height-default\" data-id=\"48aa9da\" data-element_type=\"section\" data-e-type=\"section\">\n\t\t\t\t\t\t<div class=\"elementor-container elementor-column-gap-default\">\n\t\t\t\t\t<div class=\"elementor-column elementor-col-50 elementor-top-column elementor-element elementor-element-423d4f1\" data-id=\"423d4f1\" data-element_type=\"column\" data-e-type=\"column\">\n\t\t\t<div class=\"elementor-widget-wrap elementor-element-populated\">\n\t\t\t\t\t\t<div class=\"elementor-element elementor-element-0a99d68 elementor-widget elementor-widget-image\" data-id=\"0a99d68\" data-element_type=\"widget\" data-e-type=\"widget\" data-widget_type=\"image.default\">\n\t\t\t\t<div class=\"elementor-widget-container\">\n\t\t\t\t\t\t\t\t\t\t\t\t\t\t\t<img fetchpriority=\"high\" decoding=\"async\" width=\"300\" height=\"297\" src=\"https:\/\/douceursdangepatisserie.fr\/wp-content\/uploads\/2024\/12\/Photo-anne-claire-300x297.png\" class=\"attachment-medium size-medium wp-image-760\" alt=\"\" srcset=\"https:\/\/douceursdangepatisserie.fr\/wp-content\/uploads\/2024\/12\/Photo-anne-claire-300x297.png 300w, https:\/\/douceursdangepatisserie.fr\/wp-content\/uploads\/2024\/12\/Photo-anne-claire-150x150.png 150w, https:\/\/douceursdangepatisserie.fr\/wp-content\/uploads\/2024\/12\/Photo-anne-claire.png 757w\" sizes=\"(max-width: 300px) 100vw, 300px\" \/>\t\t\t\t\t\t\t\t\t\t\t\t\t\t\t<\/div>\n\t\t\t\t<\/div>\n\t\t\t\t\t<\/div>\n\t\t<\/div>\n\t\t\t\t<div class=\"elementor-column elementor-col-50 elementor-top-column elementor-element elementor-element-ff2447c\" data-id=\"ff2447c\" data-element_type=\"column\" data-e-type=\"column\">\n\t\t\t<div class=\"elementor-widget-wrap elementor-element-populated\">\n\t\t\t\t\t\t<div class=\"elementor-element elementor-element-f9c576f elementor-widget elementor-widget-heading\" data-id=\"f9c576f\" data-element_type=\"widget\" data-e-type=\"widget\" data-widget_type=\"heading.default\">\n\t\t\t\t<div class=\"elementor-widget-container\">\n\t\t\t\t\t<h2 class=\"elementor-heading-title elementor-size-default\">Qui suis-je ?<\/h2>\t\t\t\t<\/div>\n\t\t\t\t<\/div>\n\t\t\t\t<div class=\"elementor-element elementor-element-b20727d elementor-widget elementor-widget-text-editor\" data-id=\"b20727d\" data-element_type=\"widget\" data-e-type=\"widget\" data-widget_type=\"text-editor.default\">\n\t\t\t\t<div class=\"elementor-widget-container\">\n\t\t\t\t\t\t\t\t\t<p>Anne-Claire ROBLOT<\/p>\n<p>Passionn\u00e9e par la p\u00e2tisserie et les belles cr\u00e9ations artisanales, j&rsquo;ai une v\u00e9ritable admiration pour la finesse et le sens du d\u00e9tail.<\/p>\n<p>Gr\u00e2ce \u00e0 l&rsquo;obtention de mon CAP P\u00e2tissier, j&rsquo;ai acquis une solide formation th\u00e9orique et pratique, tout en compl\u00e9tant mon apprentissage essentiellement de mani\u00e8re autodidacte, en m&rsquo;appuyant sur l&rsquo;exp\u00e9rience et l&rsquo;exp\u00e9rimentation au fil des ann\u00e9es.<\/p>\n<p>Apr\u00e8s plusieurs ann\u00e9es en tant qu&rsquo;infirmi\u00e8re au bloc op\u00e9ratoire, j&rsquo;ai d\u00e9cid\u00e9 de faire de ma passion pour la p\u00e2tisserie mon m\u00e9tier et l&rsquo;id\u00e9e d&rsquo;ouvrir ma propre p\u00e2tisserie est devenue une \u00e9vidence. Je suis d\u00e9sormais pr\u00eate \u00e0 \u00e9veiller vos papilles avec des cr\u00e9ations qui me ressemblent et sont pens\u00e9es pour vous ravir.<\/p>\t\t\t\t\t\t\t\t<\/div>\n\t\t\t\t<\/div>\n\t\t\t\t\t<\/div>\n\t\t<\/div>\n\t\t\t\t\t<\/div>\n\t\t<\/section>\n\t\t<div class=\"elementor-element elementor-element-6f3b1c9 e-flex e-con-boxed e-con e-parent\" data-id=\"6f3b1c9\" data-element_type=\"container\" data-e-type=\"container\">\n\t\t\t\t\t<div class=\"e-con-inner\">\n\t\t\t\t<div class=\"elementor-element elementor-element-ce64496 elementor-widget-divider--view-line elementor-widget elementor-widget-divider\" data-id=\"ce64496\" data-element_type=\"widget\" data-e-type=\"widget\" data-widget_type=\"divider.default\">\n\t\t\t\t<div class=\"elementor-widget-container\">\n\t\t\t\t\t\t\t<div class=\"elementor-divider\">\n\t\t\t<span class=\"elementor-divider-separator\">\n\t\t\t\t\t\t<\/span>\n\t\t<\/div>\n\t\t\t\t\t\t<\/div>\n\t\t\t\t<\/div>\n\t\t\t\t\t<\/div>\n\t\t\t\t<\/div>\n\t\t\t\t<section class=\"elementor-section elementor-top-section elementor-element elementor-element-a926510 elementor-section-boxed elementor-section-height-default elementor-section-height-default\" data-id=\"a926510\" data-element_type=\"section\" data-e-type=\"section\" data-settings=\"{&quot;background_background&quot;:&quot;classic&quot;}\">\n\t\t\t\t\t\t<div class=\"elementor-container elementor-column-gap-default\">\n\t\t\t\t\t<div class=\"elementor-column elementor-col-100 elementor-top-column elementor-element elementor-element-cffa2ea\" data-id=\"cffa2ea\" data-element_type=\"column\" data-e-type=\"column\">\n\t\t\t<div class=\"elementor-widget-wrap elementor-element-populated\">\n\t\t\t\t\t\t<div class=\"elementor-element elementor-element-6822187 elementor-widget elementor-widget-heading\" data-id=\"6822187\" data-element_type=\"widget\" data-e-type=\"widget\" data-widget_type=\"heading.default\">\n\t\t\t\t<div class=\"elementor-widget-container\">\n\t\t\t\t\t<h2 class=\"elementor-heading-title elementor-size-default\">L'esprit de douceurs d'Ange<\/h2>\t\t\t\t<\/div>\n\t\t\t\t<\/div>\n\t\t\t\t<section class=\"elementor-section elementor-inner-section elementor-element elementor-element-c0e1607 elementor-section-content-middle elementor-section-boxed elementor-section-height-default elementor-section-height-default\" data-id=\"c0e1607\" data-element_type=\"section\" data-e-type=\"section\">\n\t\t\t\t\t\t<div class=\"elementor-container elementor-column-gap-default\">\n\t\t\t\t\t<div class=\"elementor-column elementor-col-100 elementor-inner-column elementor-element elementor-element-7a53f58\" data-id=\"7a53f58\" data-element_type=\"column\" data-e-type=\"column\">\n\t\t\t<div class=\"elementor-widget-wrap elementor-element-populated\">\n\t\t\t\t\t\t<div class=\"elementor-element elementor-element-76051df elementor-widget elementor-widget-text-editor\" data-id=\"76051df\" data-element_type=\"widget\" data-e-type=\"widget\" data-widget_type=\"text-editor.default\">\n\t\t\t\t<div class=\"elementor-widget-container\">\n\t\t\t\t\t\t\t\t\t<p>Douceurs d\u2019ange, c\u2019est un laboratoire de production de p\u00e2tisseries, situ\u00e9 \u00e0 mon domicile, sans boutique physique et o\u00f9 j\u2019\u00e9volue seule. <br \/>J\u2019ai \u00e0 c\u0153ur de vous offrir une d\u00e9gustation \u00e0 la hauteur de vos plus beaux \u00e9v\u00e8nements et pour cela je confectionne chaque p\u00e2tisserie sur commande.<br \/>Mes cr\u00e9ations sont le fruit d\u2019une r\u00e9flexion autour de la ma\u00eetrise des textures, de la mise en valeur des saveurs, de l\u2019\u00e9quilibre des go\u00fbts et cela passe par une s\u00e9lection attentive des mati\u00e8res premi\u00e8res.<\/p>\t\t\t\t\t\t\t\t<\/div>\n\t\t\t\t<\/div>\n\t\t\t\t\t<\/div>\n\t\t<\/div>\n\t\t\t\t\t<\/div>\n\t\t<\/section>\n\t\t\t\t\t<\/div>\n\t\t<\/div>\n\t\t\t\t\t<\/div>\n\t\t<\/section>\n\t\t\t\t<\/div>\n\t\t","protected":false},"excerpt":{"rendered":"<p>Qui suis-je ? Anne-Claire ROBLOT Passionn\u00e9e par la p\u00e2tisserie et les belles cr\u00e9ations artisanales, j&rsquo;ai une v\u00e9ritable admiration pour la finesse et le sens du d\u00e9tail. Gr\u00e2ce \u00e0 l&rsquo;obtention de mon CAP P\u00e2tissier, j&rsquo;ai acquis une solide formation th\u00e9orique et pratique, tout en compl\u00e9tant mon apprentissage essentiellement de mani\u00e8re autodidacte, en m&rsquo;appuyant sur l&rsquo;exp\u00e9rience et [&hellip;]<\/p>\n","protected":false},"author":1,"featured_media":0,"parent":0,"menu_order":0,"comment_status":"closed","ping_status":"closed","template":"","meta":{"ocean_post_layout":"","ocean_both_sidebars_style":"","ocean_both_sidebars_content_width":0,"ocean_both_sidebars_sidebars_width":0,"ocean_sidebar":"","ocean_second_sidebar":"","ocean_disable_margins":"enable","ocean_add_body_class":"","ocean_shortcode_before_top_bar":"","ocean_shortcode_after_top_bar":"","ocean_shortcode_before_header":"","ocean_shortcode_after_header":"","ocean_has_shortcode":"","ocean_shortcode_after_title":"","ocean_shortcode_before_footer_widgets":"","ocean_shortcode_after_footer_widgets":"","ocean_shortcode_before_footer_bottom":"","ocean_shortcode_after_footer_bottom":"","ocean_display_top_bar":"default","ocean_display_header":"default","ocean_header_style":"","ocean_center_header_left_menu":"","ocean_custom_header_template":"","ocean_custom_logo":0,"ocean_custom_retina_logo":0,"ocean_custom_logo_max_width":0,"ocean_custom_logo_tablet_max_width":0,"ocean_custom_logo_mobile_max_width":0,"ocean_custom_logo_max_height":0,"ocean_custom_logo_tablet_max_height":0,"ocean_custom_logo_mobile_max_height":0,"ocean_header_custom_menu":"","ocean_menu_typo_font_family":"","ocean_menu_typo_font_subset":"","ocean_menu_typo_font_size":0,"ocean_menu_typo_font_size_tablet":0,"ocean_menu_typo_font_size_mobile":0,"ocean_menu_typo_font_size_unit":"px","ocean_menu_typo_font_weight":"","ocean_menu_typo_font_weight_tablet":"","ocean_menu_typo_font_weight_mobile":"","ocean_menu_typo_transform":"","ocean_menu_typo_transform_tablet":"","ocean_menu_typo_transform_mobile":"","ocean_menu_typo_line_height":0,"ocean_menu_typo_line_height_tablet":0,"ocean_menu_typo_line_height_mobile":0,"ocean_menu_typo_line_height_unit":"","ocean_menu_typo_spacing":0,"ocean_menu_typo_spacing_tablet":0,"ocean_menu_typo_spacing_mobile":0,"ocean_menu_typo_spacing_unit":"","ocean_menu_link_color":"","ocean_menu_link_color_hover":"","ocean_menu_link_color_active":"","ocean_menu_link_background":"","ocean_menu_link_hover_background":"","ocean_menu_link_active_background":"","ocean_menu_social_links_bg":"","ocean_menu_social_hover_links_bg":"","ocean_menu_social_links_color":"","ocean_menu_social_hover_links_color":"","ocean_disable_title":"default","ocean_disable_heading":"default","ocean_post_title":"","ocean_post_subheading":"","ocean_post_title_style":"","ocean_post_title_background_color":"","ocean_post_title_background":0,"ocean_post_title_bg_image_position":"","ocean_post_title_bg_image_attachment":"","ocean_post_title_bg_image_repeat":"","ocean_post_title_bg_image_size":"","ocean_post_title_height":0,"ocean_post_title_bg_overlay":0.5,"ocean_post_title_bg_overlay_color":"","ocean_disable_breadcrumbs":"default","ocean_breadcrumbs_color":"","ocean_breadcrumbs_separator_color":"","ocean_breadcrumbs_links_color":"","ocean_breadcrumbs_links_hover_color":"","ocean_display_footer_widgets":"default","ocean_display_footer_bottom":"default","ocean_custom_footer_template":"","footnotes":""},"class_list":["post-628","page","type-page","status-publish","hentry","entry"],"_hostinger_reach_plugin_has_subscription_block":false,"_hostinger_reach_plugin_is_elementor":false,"_links":{"self":[{"href":"https:\/\/douceursdangepatisserie.fr\/index.php\/wp-json\/wp\/v2\/pages\/628","targetHints":{"allow":["GET"]}}],"collection":[{"href":"https:\/\/douceursdangepatisserie.fr\/index.php\/wp-json\/wp\/v2\/pages"}],"about":[{"href":"https:\/\/douceursdangepatisserie.fr\/index.php\/wp-json\/wp\/v2\/types\/page"}],"author":[{"embeddable":true,"href":"https:\/\/douceursdangepatisserie.fr\/index.php\/wp-json\/wp\/v2\/users\/1"}],"replies":[{"embeddable":true,"href":"https:\/\/douceursdangepatisserie.fr\/index.php\/wp-json\/wp\/v2\/comments?post=628"}],"version-history":[{"count":7,"href":"https:\/\/douceursdangepatisserie.fr\/index.php\/wp-json\/wp\/v2\/pages\/628\/revisions"}],"predecessor-version":[{"id":892,"href":"https:\/\/douceursdangepatisserie.fr\/index.php\/wp-json\/wp\/v2\/pages\/628\/revisions\/892"}],"wp:attachment":[{"href":"https:\/\/douceursdangepatisserie.fr\/index.php\/wp-json\/wp\/v2\/media?parent=628"}],"curies":[{"name":"wp","href":"https:\/\/api.w.org\/{rel}","templated":true}]}}